{"id":6457,"date":"2020-02-20T14:30:35","date_gmt":"2020-02-20T14:30:35","guid":{"rendered":"https:\/\/rapidtest.digital\/la-cabine-dessai\/"},"modified":"2022-04-07T17:36:08","modified_gmt":"2022-04-07T17:36:08","slug":"la-cabine-dessai","status":"publish","type":"page","link":"https:\/\/rapidtest.digital\/fr\/la-cabine-dessai\/","title":{"rendered":"La cabine de test (d\u00e9pistage)"},"content":{"rendered":"\t\t<div data-elementor-type=\"wp-page\" data-elementor-id=\"6457\" class=\"elementor elementor-6457 elementor-2673\" data-elementor-post-type=\"page\">\n\t\t\t\t\t\t<section class=\"elementor-section elementor-top-section elementor-element elementor-element-04473d3 qodef-elementor-content-grid elementor-section-boxed elementor-section-height-default elementor-section-height-default\" data-id=\"04473d3\" data-element_type=\"section\" data-e-type=\"section\">\n\t\t\t\t\t\t<div class=\"elementor-container elementor-column-gap-default\">\n\t\t\t\t\t<div class=\"elementor-column elementor-col-100 elementor-top-column elementor-element elementor-element-7ac93f9\" data-id=\"7ac93f9\" data-element_type=\"column\" data-e-type=\"column\">\n\t\t\t<div class=\"elementor-widget-wrap elementor-element-populated\">\n\t\t\t\t\t\t<section class=\"elementor-section elementor-inner-section elementor-element elementor-element-bd931fc elementor-section-boxed elementor-section-height-default elementor-section-height-default qodef-elementor-content-no\" data-id=\"bd931fc\" data-element_type=\"section\" data-e-type=\"section\">\n\t\t\t\t\t\t<div class=\"elementor-container elementor-column-gap-default\">\n\t\t\t\t\t<div class=\"elementor-column elementor-col-50 elementor-inner-column elementor-element elementor-element-1f2f910\" data-id=\"1f2f910\" data-element_type=\"column\" data-e-type=\"column\">\n\t\t\t<div class=\"elementor-widget-wrap elementor-element-populated\">\n\t\t\t\t\t\t<div class=\"elementor-element elementor-element-f4f5a89 elementor-widget elementor-widget-stal_core_section_title\" data-id=\"f4f5a89\" data-element_type=\"widget\" data-e-type=\"widget\" data-widget_type=\"stal_core_section_title.default\">\n\t\t\t\t<div class=\"elementor-widget-container\">\n\t\t\t\t\t<div class=\"qodef-shortcode qodef-m  qodef-section-title qodef-alignment--left  qodef-title-with-tagline\">\n\t\t<div class=\"qodef-m-title-wrap\">\n\t        <h6 class=\"qodef-m-title-tagline\" >L&#039;objectif<\/h6>\n    \t<h2 class=\"qodef-m-title\" >\n\t\t\t\t\tLe centre de test du future\t\t\t<\/h2>\n\t\n\t<\/div>\n\t<\/div>\t\t\t\t<\/div>\n\t\t\t\t<\/div>\n\t\t\t\t\t<\/div>\n\t\t<\/div>\n\t\t\t\t<div class=\"elementor-column elementor-col-50 elementor-inner-column elementor-element elementor-element-c0db2df\" data-id=\"c0db2df\" data-element_type=\"column\" data-e-type=\"column\">\n\t\t\t<div class=\"elementor-widget-wrap\">\n\t\t\t\t\t\t\t<\/div>\n\t\t<\/div>\n\t\t\t\t\t<\/div>\n\t\t<\/section>\n\t\t\t\t\t<\/div>\n\t\t<\/div>\n\t\t\t\t\t<\/div>\n\t\t<\/section>\n\t\t\t\t<section class=\"elementor-section elementor-top-section elementor-element elementor-element-d0ca670 qodef-elementor-content-grid elementor-section-boxed elementor-section-height-default elementor-section-height-default\" data-id=\"d0ca670\" data-element_type=\"section\" data-e-type=\"section\">\n\t\t\t\t\t\t<div class=\"elementor-container elementor-column-gap-default\">\n\t\t\t\t\t<div class=\"elementor-column elementor-col-33 elementor-top-column elementor-element elementor-element-1ff09d2\" data-id=\"1ff09d2\" data-element_type=\"column\" data-e-type=\"column\" data-settings=\"{&quot;background_background&quot;:&quot;classic&quot;}\">\n\t\t\t<div class=\"elementor-widget-wrap elementor-element-populated\">\n\t\t\t\t\t\t<div class=\"elementor-element elementor-element-cfaa843 elementor-widget elementor-widget-stal_core_section_title\" data-id=\"cfaa843\" data-element_type=\"widget\" data-e-type=\"widget\" data-widget_type=\"stal_core_section_title.default\">\n\t\t\t\t<div class=\"elementor-widget-container\">\n\t\t\t\t\t<div class=\"qodef-shortcode qodef-m  qodef-section-title qodef-alignment--left qodef-title-break--disabled \">\n\t\t<div class=\"qodef-m-title-wrap\">\n\t\t<h4 class=\"qodef-m-title\" >\n\t\t\t\t\tLe test guid\u00e9 dans une cabine de test mobile\t\t\t<\/h4>\n\t\n\t<\/div>\n\t<\/div>\t\t\t\t<\/div>\n\t\t\t\t<\/div>\n\t\t\t\t<div class=\"elementor-element elementor-element-f366207 elementor-widget elementor-widget-qi_addons_for_elementor_highlight\" data-id=\"f366207\" data-element_type=\"widget\" data-e-type=\"widget\" data-widget_type=\"qi_addons_for_elementor_highlight.default\">\n\t\t\t\t<div class=\"elementor-widget-container\">\n\t\t\t\t\t<p class=\"qodef-shortcode qodef-m qodef-qi-highlight qodef-highlight-style--color\" >\n\ten d\u00e9veloppement<\/p>\n\t\t\t\t<\/div>\n\t\t\t\t<\/div>\n\t\t\t\t\t<\/div>\n\t\t<\/div>\n\t\t\t\t<div class=\"elementor-column elementor-col-33 elementor-top-column elementor-element elementor-element-18adfc9\" data-id=\"18adfc9\" data-element_type=\"column\" data-e-type=\"column\" data-settings=\"{&quot;background_background&quot;:&quot;classic&quot;}\">\n\t\t\t<div class=\"elementor-widget-wrap elementor-element-populated\">\n\t\t\t\t\t\t<div class=\"elementor-element elementor-element-5dda7ef elementor-widget elementor-widget-spacer\" data-id=\"5dda7ef\" data-element_type=\"widget\" data-e-type=\"widget\" data-widget_type=\"spacer.default\">\n\t\t\t\t<div class=\"elementor-widget-container\">\n\t\t\t\t\t\t\t<div class=\"elementor-spacer\">\n\t\t\t<div class=\"elementor-spacer-inner\"><\/div>\n\t\t<\/div>\n\t\t\t\t\t\t<\/div>\n\t\t\t\t<\/div>\n\t\t\t\t\t<\/div>\n\t\t<\/div>\n\t\t\t\t<div class=\"elementor-column elementor-col-33 elementor-top-column elementor-element elementor-element-6e12e95\" data-id=\"6e12e95\" data-element_type=\"column\" data-e-type=\"column\" data-settings=\"{&quot;background_background&quot;:&quot;classic&quot;}\">\n\t\t\t<div class=\"elementor-widget-wrap elementor-element-populated\">\n\t\t\t\t\t\t<div class=\"elementor-element elementor-element-e9bce5a elementor-widget elementor-widget-stal_core_section_title\" data-id=\"e9bce5a\" data-element_type=\"widget\" data-e-type=\"widget\" data-widget_type=\"stal_core_section_title.default\">\n\t\t\t\t<div class=\"elementor-widget-container\">\n\t\t\t\t\t<div class=\"qodef-shortcode qodef-m  qodef-section-title qodef-alignment--left  \">\n\t\t<div class=\"qodef-m-title-wrap\">\n\t\t<h6 class=\"qodef-m-title\" style=\"color: #EE0D08\">\n\t\t\t\t\tPoint forts\t\t\t<\/h6>\n\t\n\t<\/div>\n\t<\/div>\t\t\t\t<\/div>\n\t\t\t\t<\/div>\n\t\t\t\t<div class=\"elementor-element elementor-element-aa54813 elementor-widget elementor-widget-stal_core_icon_list_item\" data-id=\"aa54813\" data-element_type=\"widget\" data-e-type=\"widget\" data-widget_type=\"stal_core_icon_list_item.default\">\n\t\t\t\t<div class=\"elementor-widget-container\">\n\t\t\t\t\t<div class=\"qodef-icon-list-item qodef-icon--icon-pack qodef-alignment--top\" >\n\t<p class=\"qodef-e-title\" style=\"color: #747474;line-height: 20px\">\n\t\t\t\t\t<a itemprop=\"url\" href=\"#\" target=\"_self\">\n\t\t\t\t\t<span class=\"qodef-e-title-inner\">\n\t\t\t\t<span class=\"qodef-shortcode qodef-m  qodef-icon-holder qodef-size--default qodef-layout--normal\"  >\t        <span class=\"qodef-icon-ionicons ion-ios-square qodef-icon qodef-e\" style=\"color: #EE0D08;font-size: 10px\" ><\/span>    <\/span>\t\t\t\t<span class=\"qodef-e-title-text\" >La personne concern\u00e9e r\u00e9alise son test par elle-m\u00eame et est guid\u00e9e par un professionel de la sant\u00e9 via vid\u00e9o.<\/span>\n\t\t\t<\/span>\n\t\t\t\t\t<\/a>\n\t\t\t<\/p>\n<\/div>\t\t\t\t<\/div>\n\t\t\t\t<\/div>\n\t\t\t\t<div class=\"elementor-element elementor-element-e5e1123 elementor-widget elementor-widget-stal_core_icon_list_item\" data-id=\"e5e1123\" data-element_type=\"widget\" data-e-type=\"widget\" data-widget_type=\"stal_core_icon_list_item.default\">\n\t\t\t\t<div class=\"elementor-widget-container\">\n\t\t\t\t\t<div class=\"qodef-icon-list-item qodef-icon--icon-pack qodef-alignment--top\" >\n\t<p class=\"qodef-e-title\" style=\"color: #747474;line-height: 20px\">\n\t\t\t\t\t<a itemprop=\"url\" href=\"#\" target=\"_self\">\n\t\t\t\t\t<span class=\"qodef-e-title-inner\">\n\t\t\t\t<span class=\"qodef-shortcode qodef-m  qodef-icon-holder qodef-size--default qodef-layout--normal\"  >\t        <span class=\"qodef-icon-ionicons ion-ios-square qodef-icon qodef-e\" style=\"color: #EE0D08;font-size: 10px\" ><\/span>    <\/span>\t\t\t\t<span class=\"qodef-e-title-text\" >Des tests rapides professionnels sont livr\u00e9s par un distributeur dans la cabine<\/span>\n\t\t\t<\/span>\n\t\t\t\t\t<\/a>\n\t\t\t<\/p>\n<\/div>\t\t\t\t<\/div>\n\t\t\t\t<\/div>\n\t\t\t\t<div class=\"elementor-element elementor-element-d14934b elementor-widget elementor-widget-stal_core_icon_list_item\" data-id=\"d14934b\" data-element_type=\"widget\" data-e-type=\"widget\" data-widget_type=\"stal_core_icon_list_item.default\">\n\t\t\t\t<div class=\"elementor-widget-container\">\n\t\t\t\t\t<div class=\"qodef-icon-list-item qodef-icon--icon-pack qodef-alignment--top\" >\n\t<p class=\"qodef-e-title\" style=\"color: #747474;line-height: 20px\">\n\t\t\t\t\t<a itemprop=\"url\" href=\"#\" target=\"_self\">\n\t\t\t\t\t<span class=\"qodef-e-title-inner\">\n\t\t\t\t<span class=\"qodef-shortcode qodef-m  qodef-icon-holder qodef-size--default qodef-layout--normal\"  >\t        <span class=\"qodef-icon-ionicons ion-ios-square qodef-icon qodef-e\" style=\"color: #EE0D08;font-size: 10px\" ><\/span>    <\/span>\t\t\t\t<span class=\"qodef-e-title-text\" >La cellule robotique transf\u00e8re le r\u00e9sultat du test en num\u00e9rique.<\/span>\n\t\t\t<\/span>\n\t\t\t\t\t<\/a>\n\t\t\t<\/p>\n<\/div>\t\t\t\t<\/div>\n\t\t\t\t<\/div>\n\t\t\t\t<div class=\"elementor-element elementor-element-c78e828 elementor-widget elementor-widget-stal_core_icon_list_item\" data-id=\"c78e828\" data-element_type=\"widget\" data-e-type=\"widget\" data-widget_type=\"stal_core_icon_list_item.default\">\n\t\t\t\t<div class=\"elementor-widget-container\">\n\t\t\t\t\t<div class=\"qodef-icon-list-item qodef-icon--icon-pack qodef-alignment--top\" >\n\t<p class=\"qodef-e-title\" style=\"color: #747474;line-height: 20px\">\n\t\t\t\t\t<a itemprop=\"url\" href=\"#\" target=\"_self\">\n\t\t\t\t\t<span class=\"qodef-e-title-inner\">\n\t\t\t\t<span class=\"qodef-shortcode qodef-m  qodef-icon-holder qodef-size--default qodef-layout--normal\"  >\t        <span class=\"qodef-icon-ionicons ion-ios-square qodef-icon qodef-e\" style=\"color: #EE0D08;font-size: 10px\" ><\/span>    <\/span>\t\t\t\t<span class=\"qodef-e-title-text\" >La cabine propose des tests  de fabricants diff\u00e9rents et pour des maladies infectieuses diff\u00e9rentes..<\/span>\n\t\t\t<\/span>\n\t\t\t\t\t<\/a>\n\t\t\t<\/p>\n<\/div>\t\t\t\t<\/div>\n\t\t\t\t<\/div>\n\t\t\t\t\t<\/div>\n\t\t<\/div>\n\t\t\t\t\t<\/div>\n\t\t<\/section>\n\t\t\t\t<\/div>\n\t\t","protected":false},"excerpt":{"rendered":"<p>L&#039;objectif Le centre de test du future Le test guid\u00e9 dans une cabine de test mobile en d\u00e9veloppement Point forts La personne concern\u00e9e r\u00e9alise son test par elle-m\u00eame et est guid\u00e9e par un professionel de la sant\u00e9 via vid\u00e9o. Des tests rapides professionnels sont livr\u00e9s par un distributeur dans la cabine La cellule robotique transf\u00e8re [&hellip;]<\/p>\n","protected":false},"author":1,"featured_media":0,"parent":0,"menu_order":0,"comment_status":"closed","ping_status":"closed","template":"page-full-width.php","meta":{"footnotes":""},"class_list":["post-6457","page","type-page","status-publish","hentry"],"_links":{"self":[{"href":"https:\/\/rapidtest.digital\/fr\/wp-json\/wp\/v2\/pages\/6457","targetHints":{"allow":["GET"]}}],"collection":[{"href":"https:\/\/rapidtest.digital\/fr\/wp-json\/wp\/v2\/pages"}],"about":[{"href":"https:\/\/rapidtest.digital\/fr\/wp-json\/wp\/v2\/types\/page"}],"author":[{"embeddable":true,"href":"https:\/\/rapidtest.digital\/fr\/wp-json\/wp\/v2\/users\/1"}],"replies":[{"embeddable":true,"href":"https:\/\/rapidtest.digital\/fr\/wp-json\/wp\/v2\/comments?post=6457"}],"version-history":[{"count":14,"href":"https:\/\/rapidtest.digital\/fr\/wp-json\/wp\/v2\/pages\/6457\/revisions"}],"predecessor-version":[{"id":7286,"href":"https:\/\/rapidtest.digital\/fr\/wp-json\/wp\/v2\/pages\/6457\/revisions\/7286"}],"wp:attachment":[{"href":"https:\/\/rapidtest.digital\/fr\/wp-json\/wp\/v2\/media?parent=6457"}],"curies":[{"name":"wp","href":"https:\/\/api.w.org\/{rel}","templated":true}]}}